{"id":12,"date":"2021-08-29T15:59:37","date_gmt":"2021-08-29T13:59:37","guid":{"rendered":"http:\/\/www.sixblade-guitars.de\/?page_id=12"},"modified":"2022-12-13T15:17:31","modified_gmt":"2022-12-13T14:17:31","slug":"start","status":"publish","type":"page","link":"https:\/\/www.sixblade-guitars.de\/","title":{"rendered":""},"content":{"rendered":"<p style=\"text-align: justify;\"><span style=\"font-size: 22.0pt; font-family: 'Arial',sans-serif;\">Viele alte E-Gitarren liegen vergessen und verstaubt irgendwo in Kellern oder auf Dachb\u00f6den. Oft wollen die Besitzer das einstige &#8222;Schmuckst\u00fcck&#8220; nicht mehr haben oder k\u00f6nnen es nicht mehr benutzen weil irgendwas defekt ist und sich eine Reparatur f\u00fcr sie nicht mehr lohnt.<\/span><\/p>\n<p style=\"text-align: justify;\"><span style=\"font-size: 22.0pt; font-family: 'Arial',sans-serif;\">Mir ist es egal aus welchem Grund eine E-Gitarre ihren Weg zu mir findet, denn nach einiger gemeinsamer Zeit und etwas Zuneigung wird aus einem &#8222;<em><span style=\"font-family: 'Arial',sans-serif;\">Was auch immer es war<\/span><\/em>&#8220; und &#8222;<em><span style=\"font-family: 'Arial',sans-serif;\">Wie auch immer es behandelt wurde<\/span><\/em>&#8220; eine meiner <strong><span style=\"font-family: 'Arial',sans-serif;\">Sixblade-Guitars<\/span><\/strong>.<\/span><\/p>\n<p><!-- \/wp:post-content --><!-- wp:paragraph {\"style\":{\"typography\":{\"fontSize\":\"24px\"}}} --><\/p>\n<p style=\"margin-bottom: 18.0pt; text-align: justify;\"><span style=\"font-size: 22.0pt; font-family: 'Arial',sans-serif;\">Welcher ehemalige Hersteller oder welches Model sich hinter einem Instrument verbirgt ist f\u00fcr mich vollkommen zweitrangig, denn der &#8222;Patient&#8220; wird normalerweise komplett zerlegt, repariert und lackiert wenn n\u00f6tig, poliert, zusammengebaut, justiert, eingestellt und erh\u00e4lt am Schluss je nach Intensivit\u00e4t der Arbeiten auch mein eigens Logo. F\u00fcr mich z\u00e4hlt am Ende nur die optimale Bespielbarkeit und der Sound sowie der Klang den die E-Gitarre von sich gibt. Je nach Lust und Laune customize ich auch die &#8222;Lady&#8220; mit dem was in meinem Fundus zu dem jeweiligen Model passt oder besorge mir das gew\u00fcnschte Teil. <\/span><\/p>\n<p style=\"margin-bottom: 18.0pt; text-align: justify;\"><span style=\"font-size: 22.0pt; font-family: 'Arial',sans-serif;\">Seit fast 30 Jahren, als ich meine erste &#8222;Stromgitarre&#8220; auf einem Tr\u00f6delmarkt gekauft habe, bin ich dieser Leidenschaft verfallen und es kommen nun Dank Ebay, Ebay-Kleinanzeigen oder dem Musikhaus Thomann immer wieder neue hinzu.<\/span><\/p>\n<p><!-- \/wp:paragraph --><\/p>\n<p><!-- wp:paragraph {\"style\":{\"typography\":{\"fontSize\":\"24px\"}}} --><\/p>\n<p style=\"font-size: 24px;\">\u00a0<\/p>\n<p><!-- \/wp:paragraph --><\/p>\n<p><!-- wp:image {\"id\":40,\"width\":1105,\"height\":450,\"sizeSlug\":\"large\",\"linkDestination\":\"none\",\"className\":\"is-style-default\"} --><\/p>\n<figure class=\"wp-block-image size-large is-resized is-style-default\"><img loading=\"lazy\" decoding=\"async\" class=\"wp-image-40\" src=\"http:\/\/www.sixblade-guitars.de\/wp-content\/uploads\/2022\/02\/SAM_0350-scaled-e1643932957739-1024x417.jpg\" alt=\"\" width=\"1105\" height=\"450\" srcset=\"https:\/\/www.sixblade-guitars.de\/wp-content\/uploads\/2022\/02\/SAM_0350-scaled-e1643932957739-1024x417.jpg 1024w, https:\/\/www.sixblade-guitars.de\/wp-content\/uploads\/2022\/02\/SAM_0350-scaled-e1643932957739-300x122.jpg 300w, https:\/\/www.sixblade-guitars.de\/wp-content\/uploads\/2022\/02\/SAM_0350-scaled-e1643932957739-768x313.jpg 768w, https:\/\/www.sixblade-guitars.de\/wp-content\/uploads\/2022\/02\/SAM_0350-scaled-e1643932957739-1536x626.jpg 1536w, https:\/\/www.sixblade-guitars.de\/wp-content\/uploads\/2022\/02\/SAM_0350-scaled-e1643932957739.jpg 1920w\" sizes=\"auto, (max-width: 1105px) 100vw, 1105px\" \/><\/figure>\n<p><!-- \/wp:image --><\/p>\n<p><!-- wp:paragraph {\"style\":{\"typography\":{\"fontSize\":\"28px\"}}} --><\/p>\n<p style=\"font-size: 28px; text-align: justify;\">Anfallende Arbeiten die ich an meinen &#8222;Patienten&#8220; ausf\u00fchre damit diese wieder optimal bespielbar werden und einen ordentlichen Sound liefern:<\/p>\n<p><!-- \/wp:paragraph --><\/p>\n<p><!-- wp:paragraph {\"style\":{\"typography\":{\"fontSize\":\"28px\"}}} --><\/p>\n<p style=\"font-size: 28px;\">&#8211; Halskr\u00fcmmung einstellen<\/p>\n<p><!-- \/wp:paragraph --><\/p>\n<p><!-- wp:paragraph {\"style\":{\"typography\":{\"fontSize\":\"28px\"}}} --><\/p>\n<p style=\"font-size: 28px;\">&#8211; Oktavreinheit einstellen<\/p>\n<p><!-- \/wp:paragraph --><\/p>\n<p><!-- wp:paragraph {\"style\":{\"typography\":{\"fontSize\":\"28px\"}}} --><\/p>\n<p style=\"font-size: 28px;\">&#8211; Saitenlagen anpassen<\/p>\n<p><!-- \/wp:paragraph --><\/p>\n<p><!-- wp:paragraph {\"style\":{\"typography\":{\"fontSize\":\"28px\"}}} --><\/p>\n<p style=\"font-size: 28px;\">&#8211; Sattel tauschen oder nachfeilen<\/p>\n<p><!-- \/wp:paragraph --><\/p>\n<p><!-- wp:paragraph {\"style\":{\"typography\":{\"fontSize\":\"28px\"}}} --><\/p>\n<p style=\"font-size: 28px;\">&#8211; Griffbrett reinigen und \u00f6len<\/p>\n<p><!-- \/wp:paragraph --><\/p>\n<p><!-- wp:paragraph {\"style\":{\"typography\":{\"fontSize\":\"28px\"}}} --><\/p>\n<p style=\"font-size: 28px;\">&#8211; B\u00fcnde abrichten und polieren<\/p>\n<p><!-- \/wp:paragraph --><\/p>\n<p><!-- wp:paragraph {\"style\":{\"typography\":{\"fontSize\":\"28px\"}}} --><\/p>\n<p style=\"font-size: 28px;\">&#8211; Body reinigen und polieren<\/p>\n<p><!-- \/wp:paragraph --><\/p>\n<p><!-- wp:paragraph {\"style\":{\"typography\":{\"fontSize\":\"28px\"}}} --><\/p>\n<p style=\"font-size: 28px;\">&#8211; Body und Hals nachlackieren oder neu lackieren<\/p>\n<p><!-- \/wp:paragraph --><\/p>\n<p><!-- wp:paragraph {\"style\":{\"typography\":{\"fontSize\":\"28px\"}}} --><\/p>\n<p style=\"font-size: 28px;\">&#8211; Risse oder Dings&amp;Dongs ausbessern (auch Smart-Repair mit Air-Brush)<\/p>\n<p><!-- \/wp:paragraph --><\/p>\n<p><!-- wp:paragraph {\"style\":{\"typography\":{\"fontSize\":\"28px\"}}} --><\/p>\n<p style=\"font-size: 28px;\">&#8211; Hals notfalls tauschen oder ersetzen<\/p>\n<p><!-- \/wp:paragraph --><\/p>\n<p><!-- wp:paragraph {\"style\":{\"typography\":{\"fontSize\":\"28px\"}}} --><\/p>\n<p style=\"font-size: 28px;\">&#8211; Mechaniken justieren oder erneuern<\/p>\n<p><!-- \/wp:paragraph --><\/p>\n<p><!-- wp:paragraph {\"style\":{\"typography\":{\"fontSize\":\"28px\"}}} --><\/p>\n<p style=\"font-size: 28px;\">&#8211; Elektronik pr\u00fcfen, reinigen und ggf. erneuern<\/p>\n<p><!-- \/wp:paragraph --><\/p>\n<p><!-- wp:paragraph {\"style\":{\"typography\":{\"fontSize\":\"28px\"}}} --><\/p>\n<p style=\"font-size: 28px;\">&#8211; Pickups ggf. reparieren oder ersetzen<\/p>\n<p><!-- \/wp:paragraph --><\/p>\n<p><!-- wp:paragraph {\"style\":{\"typography\":{\"fontSize\":\"28px\"}}} --><\/p>\n<p style=\"font-size: 28px;\">&#8211; Tremolos und Br\u00fccken modifizieren, tauschen und abstimmen<\/p>\n<h3>usw. &#8230;.<\/h3>\n<p><!-- \/wp:paragraph --><\/p>\n<p><!-- wp:paragraph --><\/p>\n<p><!-- \/wp:paragraph --><\/p>\n<p><!-- wp:paragraph --><\/p>\n<p><!-- \/wp:paragraph --><\/p>\n\n<!-- wp:image {\"id\":257,\"sizeSlug\":\"large\",\"linkDestination\":\"none\"} -->\n<figure class=\"wp-block-image size-large\"><img loading=\"lazy\" decoding=\"async\" width=\"1024\" height=\"1024\" src=\"http:\/\/www.sixblade-guitars.de\/wp-content\/uploads\/2022\/12\/SAM_0368-1024x1024.jpg\" alt=\"\" class=\"wp-image-257\" srcset=\"https:\/\/www.sixblade-guitars.de\/wp-content\/uploads\/2022\/12\/SAM_0368-1024x1024.jpg 1024w, https:\/\/www.sixblade-guitars.de\/wp-content\/uploads\/2022\/12\/SAM_0368-300x300.jpg 300w, https:\/\/www.sixblade-guitars.de\/wp-content\/uploads\/2022\/12\/SAM_0368-150x150.jpg 150w, https:\/\/www.sixblade-guitars.de\/wp-content\/uploads\/2022\/12\/SAM_0368-1536x1536.jpg 1536w, https:\/\/www.sixblade-guitars.de\/wp-content\/uploads\/2022\/12\/SAM_0368-2048x2048.jpg 2048w\" sizes=\"auto, (max-width: 1024px) 100vw, 1024px\" \/><\/figure>\n<!-- \/wp:image -->","protected":false},"excerpt":{"rendered":"<p>Viele alte E-Gitarren liegen vergessen und verstaubt irgendwo in Kellern oder auf Dachb\u00f6den. Oft wollen die Besitzer das einstige &#8222;Schmuckst\u00fcck&#8220; nicht mehr haben oder k\u00f6nnen es nicht mehr benutzen weil irgendwas defekt ist und sich eine Reparatur f\u00fcr sie nicht mehr lohnt. Mir ist es egal aus welchem Grund eine E-Gitarre ihren Weg zu mir &hellip; <\/p>\n<p class=\"link-more\"><a href=\"https:\/\/www.sixblade-guitars.de\/\" class=\"more-link\">Mehr <span class=\"screen-reader-text\">\u00fcber &#8222;&#8220; <\/span>Lesen<\/a><\/p>\n","protected":false},"author":1,"featured_media":40,"parent":0,"menu_order":0,"comment_status":"closed","ping_status":"closed","template":"","meta":{"footnotes":""},"class_list":["post-12","page","type-page","status-publish","has-post-thumbnail","hentry"],"_links":{"self":[{"href":"https:\/\/www.sixblade-guitars.de\/index.php?rest_route=\/wp\/v2\/pages\/12","targetHints":{"allow":["GET"]}}],"collection":[{"href":"https:\/\/www.sixblade-guitars.de\/index.php?rest_route=\/wp\/v2\/pages"}],"about":[{"href":"https:\/\/www.sixblade-guitars.de\/index.php?rest_route=\/wp\/v2\/types\/page"}],"author":[{"embeddable":true,"href":"https:\/\/www.sixblade-guitars.de\/index.php?rest_route=\/wp\/v2\/users\/1"}],"replies":[{"embeddable":true,"href":"https:\/\/www.sixblade-guitars.de\/index.php?rest_route=%2Fwp%2Fv2%2Fcomments&post=12"}],"version-history":[{"count":29,"href":"https:\/\/www.sixblade-guitars.de\/index.php?rest_route=\/wp\/v2\/pages\/12\/revisions"}],"predecessor-version":[{"id":259,"href":"https:\/\/www.sixblade-guitars.de\/index.php?rest_route=\/wp\/v2\/pages\/12\/revisions\/259"}],"wp:featuredmedia":[{"embeddable":true,"href":"https:\/\/www.sixblade-guitars.de\/index.php?rest_route=\/wp\/v2\/media\/40"}],"wp:attachment":[{"href":"https:\/\/www.sixblade-guitars.de\/index.php?rest_route=%2Fwp%2Fv2%2Fmedia&parent=12"}],"curies":[{"name":"wp","href":"https:\/\/api.w.org\/{rel}","templated":true}]}}